{"id":3200,"date":"2023-03-24T11:39:13","date_gmt":"2023-03-24T11:39:13","guid":{"rendered":"http:\/\/interchangefx.com\/?page_id=3"},"modified":"2025-11-11T09:22:23","modified_gmt":"2025-11-11T09:22:23","slug":"privacy","status":"publish","type":"page","link":"https:\/\/interchangefx.com\/hu\/privacy\/","title":{"rendered":"Adatv\u00e9delem, adatkezel\u00e9si t\u00e1j\u00e9koztat\u00f3k"},"content":{"rendered":"\n<h3 class=\"wp-block-heading\"><\/h3>\n","protected":false},"excerpt":{"rendered":"","protected":false},"author":4,"featured_media":0,"parent":0,"menu_order":0,"comment_status":"closed","ping_status":"open","template":"","meta":{"_acf_changed":true,"footnotes":""},"class_list":["post-3200","page","type-page","status-publish","hentry"],"acf":[],"yoast_head":"<!-- This site is optimized with the Yoast SEO plugin v27.4 - https:\/\/yoast.com\/product\/yoast-seo-wordpress\/ -->\n<title>Adatv\u00e9delem, adatkezel\u00e9si t\u00e1j\u00e9koztat\u00f3k - Interchange FX Hungary<\/title>\n<meta name=\"robots\" content=\"index, follow, max-snippet:-1, max-image-preview:large, max-video-preview:-1\" \/>\n<link rel=\"canonical\" href=\"https:\/\/interchangefx.com\/hu\/privacy\/\" \/>\n<meta property=\"og:locale\" content=\"en_GB\" \/>\n<meta property=\"og:type\" content=\"article\" \/>\n<meta property=\"og:title\" content=\"Adatv\u00e9delem, adatkezel\u00e9si t\u00e1j\u00e9koztat\u00f3k - Interchange FX Hungary\" \/>\n<meta property=\"og:url\" content=\"https:\/\/interchangefx.com\/hu\/privacy\/\" \/>\n<meta property=\"og:site_name\" content=\"Interchange FX Hungary\" \/>\n<meta property=\"article:modified_time\" content=\"2025-11-11T09:22:23+00:00\" \/>\n<meta name=\"twitter:card\" content=\"summary_large_image\" \/>\n<script type=\"application\/ld+json\" class=\"yoast-schema-graph\">{\"@context\":\"https:\\\/\\\/schema.org\",\"@graph\":[{\"@type\":\"WebPage\",\"@id\":\"https:\\\/\\\/interchangefx.com\\\/hu\\\/privacy\\\/\",\"url\":\"https:\\\/\\\/interchangefx.com\\\/hu\\\/privacy\\\/\",\"name\":\"Adatv\u00e9delem, adatkezel\u00e9si t\u00e1j\u00e9koztat\u00f3k - Interchange FX Hungary\",\"isPartOf\":{\"@id\":\"https:\\\/\\\/interchangefx.com\\\/hu\\\/#website\"},\"datePublished\":\"2023-03-24T11:39:13+00:00\",\"dateModified\":\"2025-11-11T09:22:23+00:00\",\"inLanguage\":\"en-GB\",\"potentialAction\":[{\"@type\":\"ReadAction\",\"target\":[\"https:\\\/\\\/interchangefx.com\\\/hu\\\/privacy\\\/\"]}]},{\"@type\":\"WebSite\",\"@id\":\"https:\\\/\\\/interchangefx.com\\\/hu\\\/#website\",\"url\":\"https:\\\/\\\/interchangefx.com\\\/hu\\\/\",\"name\":\"Interchange FX Hungary\",\"description\":\"\",\"potentialAction\":[{\"@type\":\"SearchAction\",\"target\":{\"@type\":\"EntryPoint\",\"urlTemplate\":\"https:\\\/\\\/interchangefx.com\\\/hu\\\/?s={search_term_string}\"},\"query-input\":{\"@type\":\"PropertyValueSpecification\",\"valueRequired\":true,\"valueName\":\"search_term_string\"}}],\"inLanguage\":\"en-GB\"}]}<\/script>\n<!-- \/ Yoast SEO plugin. -->","yoast_head_json":{"title":"Adatv\u00e9delem, adatkezel\u00e9si t\u00e1j\u00e9koztat\u00f3k - Interchange FX Hungary","robots":{"index":"index","follow":"follow","max-snippet":"max-snippet:-1","max-image-preview":"max-image-preview:large","max-video-preview":"max-video-preview:-1"},"canonical":"https:\/\/interchangefx.com\/hu\/privacy\/","og_locale":"en_GB","og_type":"article","og_title":"Adatv\u00e9delem, adatkezel\u00e9si t\u00e1j\u00e9koztat\u00f3k - Interchange FX Hungary","og_url":"https:\/\/interchangefx.com\/hu\/privacy\/","og_site_name":"Interchange FX Hungary","article_modified_time":"2025-11-11T09:22:23+00:00","twitter_card":"summary_large_image","schema":{"@context":"https:\/\/schema.org","@graph":[{"@type":"WebPage","@id":"https:\/\/interchangefx.com\/hu\/privacy\/","url":"https:\/\/interchangefx.com\/hu\/privacy\/","name":"Adatv\u00e9delem, adatkezel\u00e9si t\u00e1j\u00e9koztat\u00f3k - Interchange FX Hungary","isPartOf":{"@id":"https:\/\/interchangefx.com\/hu\/#website"},"datePublished":"2023-03-24T11:39:13+00:00","dateModified":"2025-11-11T09:22:23+00:00","inLanguage":"en-GB","potentialAction":[{"@type":"ReadAction","target":["https:\/\/interchangefx.com\/hu\/privacy\/"]}]},{"@type":"WebSite","@id":"https:\/\/interchangefx.com\/hu\/#website","url":"https:\/\/interchangefx.com\/hu\/","name":"Interchange FX Hungary","description":"","potentialAction":[{"@type":"SearchAction","target":{"@type":"EntryPoint","urlTemplate":"https:\/\/interchangefx.com\/hu\/?s={search_term_string}"},"query-input":{"@type":"PropertyValueSpecification","valueRequired":true,"valueName":"search_term_string"}}],"inLanguage":"en-GB"}]}},"_links":{"self":[{"href":"https:\/\/interchangefx.com\/hu\/wp-json\/wp\/v2\/pages\/3200","targetHints":{"allow":["GET"]}}],"collection":[{"href":"https:\/\/interchangefx.com\/hu\/wp-json\/wp\/v2\/pages"}],"about":[{"href":"https:\/\/interchangefx.com\/hu\/wp-json\/wp\/v2\/types\/page"}],"author":[{"embeddable":true,"href":"https:\/\/interchangefx.com\/hu\/wp-json\/wp\/v2\/users\/4"}],"replies":[{"embeddable":true,"href":"https:\/\/interchangefx.com\/hu\/wp-json\/wp\/v2\/comments?post=3200"}],"version-history":[{"count":0,"href":"https:\/\/interchangefx.com\/hu\/wp-json\/wp\/v2\/pages\/3200\/revisions"}],"wp:attachment":[{"href":"https:\/\/interchangefx.com\/hu\/wp-json\/wp\/v2\/media?parent=3200"}],"curies":[{"name":"wp","href":"https:\/\/api.w.org\/{rel}","templated":true}]}}